{"id":913,"date":"2019-06-30T18:14:18","date_gmt":"2019-06-30T16:14:18","guid":{"rendered":"https:\/\/api-asso.fr\/?page_id=913"},"modified":"2019-06-30T18:25:19","modified_gmt":"2019-06-30T16:25:19","slug":"advanced-bionics","status":"publish","type":"page","link":"https:\/\/api-asso.fr\/index.php\/advanced-bionics\/","title":{"rendered":"ADVANCED BIONICS"},"content":{"rendered":"<p style=\"text-align: center;\"><a href=\"https:\/\/api-asso.fr\/wp-content\/uploads\/2019\/06\/ab-logo.jpg\"><img decoding=\"async\" loading=\"lazy\" class=\"alignnone size-full wp-image-914\" src=\"https:\/\/api-asso.fr\/wp-content\/uploads\/2019\/06\/ab-logo.jpg\" alt=\"\" width=\"450\" height=\"177\" srcset=\"https:\/\/api-asso.fr\/wp-content\/uploads\/2019\/06\/ab-logo.jpg 450w, https:\/\/api-asso.fr\/wp-content\/uploads\/2019\/06\/ab-logo-300x118.jpg 300w\" sizes=\"(max-width: 450px) 100vw, 450px\" \/><\/a><\/p>\n<h4>Advanced Bionics a toujours comme objectif de permettre \u00e0 ses utilisateurs d&rsquo;implants cochl\u00e9aires d&rsquo;acc\u00e9der \u00e0 la meilleure exp\u00e9rience auditive possible.<\/h4>\n<h4>Le syst\u00e8me HiResolution\u2122\u00a0 a \u00e9t\u00e9 con\u00e7u pour aider les utilisateurs \u00e0 exploiter leur potentiel auditif et profiter au mieux de l&rsquo;ensemble du spectre sonore naturel.<\/h4>\n<h2><span style=\"color: #3366ff;\">Une audition \u00e0 votre image :<\/span><\/h2>\n<h2 style=\"text-align: center;\">Na\u00edda CI Q S\u00e9rie<\/h2>\n<p>&nbsp;<\/p>\n<div id=\"attachment_915\" style=\"width: 699px\" class=\"wp-caption aligncenter\"><a href=\"https:\/\/api-asso.fr\/wp-content\/uploads\/2019\/06\/ab-process.jpg\"><img aria-describedby=\"caption-attachment-915\" decoding=\"async\" loading=\"lazy\" class=\"size-full wp-image-915\" src=\"https:\/\/api-asso.fr\/wp-content\/uploads\/2019\/06\/ab-process.jpg\" alt=\"\" width=\"689\" height=\"505\" srcset=\"https:\/\/api-asso.fr\/wp-content\/uploads\/2019\/06\/ab-process.jpg 689w, https:\/\/api-asso.fr\/wp-content\/uploads\/2019\/06\/ab-process-300x220.jpg 300w, https:\/\/api-asso.fr\/wp-content\/uploads\/2019\/06\/ab-process-600x440.jpg 600w\" sizes=\"(max-width: 689px) 100vw, 689px\" \/><\/a><p id=\"caption-attachment-915\" class=\"wp-caption-text\">Processeur NAIDA CI<\/p><\/div>\n<h4>Disponible dans diff\u00e9rents coloris, le Na\u00edda CI est dot\u00e9 de la Technologie Binaurale VoiceStream\u2122 de Phonak, et de la diffusion bimodale sans fil pour profiter d&rsquo;une audition bilat\u00e9rale.<\/h4>\n<p>&nbsp;<\/p>\n<h2 style=\"text-align: center;\">NEPTUNE ET ACCESSOIRES<\/h2>\n<div id=\"attachment_916\" style=\"width: 310px\" class=\"wp-caption aligncenter\"><a href=\"https:\/\/api-asso.fr\/wp-content\/uploads\/2019\/06\/ab-neptune-1.png\"><img aria-describedby=\"caption-attachment-916\" decoding=\"async\" loading=\"lazy\" class=\"size-full wp-image-916\" src=\"https:\/\/api-asso.fr\/wp-content\/uploads\/2019\/06\/ab-neptune-1.png\" alt=\"\" width=\"300\" height=\"315\" srcset=\"https:\/\/api-asso.fr\/wp-content\/uploads\/2019\/06\/ab-neptune-1.png 300w, https:\/\/api-asso.fr\/wp-content\/uploads\/2019\/06\/ab-neptune-1-286x300.png 286w\" sizes=\"(max-width: 300px) 100vw, 300px\" \/><\/a><p id=\"caption-attachment-916\" class=\"wp-caption-text\">processeur adapt\u00e9 \u00e0 la baignade<\/p><\/div>\n<h4>Les accessoires et les composants de Neptune\u2122, le processeur de son sont ADAPT\u00c9 \u00c0 LA BAIGNADE.<\/h4>\n<p>&nbsp;<\/p>\n\n\t\t<style type=\"text\/css\">\n\t\t\t#gallery-1 {\n\t\t\t\tmargin: auto;\n\t\t\t}\n\t\t\t#gallery-1 .gallery-item {\n\t\t\t\tfloat: left;\n\t\t\t\tmargin-top: 10px;\n\t\t\t\ttext-align: center;\n\t\t\t\twidth: 50%;\n\t\t\t}\n\t\t\t#gallery-1 img {\n\t\t\t\tborder: 2px solid #cfcfcf;\n\t\t\t}\n\t\t\t#gallery-1 .gallery-caption {\n\t\t\t\tmargin-left: 0;\n\t\t\t}\n\t\t\t\/* see gallery_shortcode() in wp-includes\/media.php *\/\n\t\t<\/style>\n\t\t<div id='gallery-1' class='gallery galleryid-913 gallery-columns-2 gallery-size-full'><dl class='gallery-item'>\n\t\t\t<dt class='gallery-icon landscape'>\n\t\t\t\t<a href='https:\/\/api-asso.fr\/wp-content\/uploads\/2019\/06\/ab-neptune-2.png'><img width=\"300\" height=\"202\" src=\"https:\/\/api-asso.fr\/wp-content\/uploads\/2019\/06\/ab-neptune-2.png\" class=\"attachment-full size-full colorbox-913 \" alt=\"\" decoding=\"async\" loading=\"lazy\" aria-describedby=\"gallery-1-917\" \/><\/a>\n\t\t\t<\/dt>\n\t\t\t\t<dd class='wp-caption-text gallery-caption' id='gallery-1-917'>\n\t\t\t\tProcesseur NEPTUNE\n\t\t\t\t<\/dd><\/dl><dl class='gallery-item'>\n\t\t\t<dt class='gallery-icon landscape'>\n\t\t\t\t<a href='https:\/\/api-asso.fr\/wp-content\/uploads\/2019\/06\/ab-neptune-3.png'><img width=\"300\" height=\"173\" src=\"https:\/\/api-asso.fr\/wp-content\/uploads\/2019\/06\/ab-neptune-3.png\" class=\"attachment-full size-full colorbox-913 \" alt=\"\" decoding=\"async\" loading=\"lazy\" aria-describedby=\"gallery-1-919\" \/><\/a>\n\t\t\t<\/dt>\n\t\t\t\t<dd class='wp-caption-text gallery-caption' id='gallery-1-919'>\n\t\t\t\tprocesseur NEPTUNE\n\t\t\t\t<\/dd><\/dl><br style=\"clear: both\" \/>\n\t\t<\/div>\n\n<h4>Mis au point pour tous les \u00e2ges et styles de vie, le processeur de son Neptune\u2122 dispose d&rsquo;une conception freestyle\u2122, vous permettant, vous ou votre enfant, d&rsquo;entendre le monde qui vous entoure avec le confort d&rsquo;un processeur totalement d\u00e9port\u00e9.<\/h4>\n<h4>Neptune vous donne la libert\u00e9 de choisir votre style de port, dans vos cheveux, sur votre bras, sous votre col, dans votre poche, gr\u00e2ce \u00e0 une large gamme d&rsquo;accessoires.<\/h4>\n<h4>\u00c0 porter pour une baignade, \u00e0 dissimuler discr\u00e8tement ou \u00e0 montrer, avec un \u00e9ventail de couleurs, la conception freestyle vous permet de porter le processeur de son comme vous le souhaitez !<\/h4>\n<p>&nbsp;<\/p>\n<h3 style=\"text-align: center;\"><a href=\"https:\/\/advancedbionics.com\/fr\/fr_fr\/home.html\" target=\"_blank\" rel=\"noopener noreferrer\"><strong>POUR PLUS D&rsquo;INFORMATION CONSULTER LE SITE \u00ab\u00a0ADVANCED BIONICS\u00a0\u00bb<\/strong><\/a><\/h3>\n","protected":false},"excerpt":{"rendered":"<p>Advanced Bionics a toujours comme objectif de permettre \u00e0 ses utilisateurs d&rsquo;implants cochl\u00e9aires d&rsquo;acc\u00e9der \u00e0 la meilleure exp\u00e9rience auditive possible. Le syst\u00e8me HiResolution\u2122\u00a0 a \u00e9t\u00e9 con\u00e7u pour aider les utilisateurs \u00e0 exploiter leur potentiel auditif et profiter au mieux de&#8230; <a class=\"more-link\" href=\"https:\/\/api-asso.fr\/index.php\/advanced-bionics\/\">Continue Reading &rarr;<\/a><\/p>\n","protected":false},"author":1,"featured_media":0,"parent":0,"menu_order":0,"comment_status":"closed","ping_status":"closed","template":"","meta":[],"_links":{"self":[{"href":"https:\/\/api-asso.fr\/index.php\/wp-json\/wp\/v2\/pages\/913"}],"collection":[{"href":"https:\/\/api-asso.fr\/index.php\/wp-json\/wp\/v2\/pages"}],"about":[{"href":"https:\/\/api-asso.fr\/index.php\/wp-json\/wp\/v2\/types\/page"}],"author":[{"embeddable":true,"href":"https:\/\/api-asso.fr\/index.php\/wp-json\/wp\/v2\/users\/1"}],"replies":[{"embeddable":true,"href":"https:\/\/api-asso.fr\/index.php\/wp-json\/wp\/v2\/comments?post=913"}],"version-history":[{"count":4,"href":"https:\/\/api-asso.fr\/index.php\/wp-json\/wp\/v2\/pages\/913\/revisions"}],"predecessor-version":[{"id":923,"href":"https:\/\/api-asso.fr\/index.php\/wp-json\/wp\/v2\/pages\/913\/revisions\/923"}],"wp:attachment":[{"href":"https:\/\/api-asso.fr\/index.php\/wp-json\/wp\/v2\/media?parent=913"}],"curies":[{"name":"wp","href":"https:\/\/api.w.org\/{rel}","templated":true}]}}