{"id":520,"date":"2023-01-27T15:00:09","date_gmt":"2023-01-27T14:00:09","guid":{"rendered":"https:\/\/api-asso.fr\/?page_id=520"},"modified":"2023-01-27T16:33:36","modified_gmt":"2023-01-27T15:33:36","slug":"cochlear-france","status":"publish","type":"page","link":"https:\/\/api-asso.fr\/index.php\/cochlear-france\/","title":{"rendered":"Cochlear France"},"content":{"rendered":"\r\n<div class=\"wp-block-image\" style=\"text-align: center;\"><a href=\"https:\/\/api-asso.fr\/wp-content\/uploads\/2023\/01\/Cochlear_logo-2023.jpg\"><img decoding=\"async\" loading=\"lazy\" class=\"alignnone size-medium wp-image-1676\" src=\"https:\/\/api-asso.fr\/wp-content\/uploads\/2023\/01\/Cochlear_logo-2023-300x238.jpg\" alt=\"\" width=\"300\" height=\"238\" srcset=\"https:\/\/api-asso.fr\/wp-content\/uploads\/2023\/01\/Cochlear_logo-2023-300x238.jpg 300w, https:\/\/api-asso.fr\/wp-content\/uploads\/2023\/01\/Cochlear_logo-2023-768x609.jpg 768w, https:\/\/api-asso.fr\/wp-content\/uploads\/2023\/01\/Cochlear_logo-2023-1024x812.jpg 1024w, https:\/\/api-asso.fr\/wp-content\/uploads\/2023\/01\/Cochlear_logo-2023-945x750.jpg 945w, https:\/\/api-asso.fr\/wp-content\/uploads\/2023\/01\/Cochlear_logo-2023-600x476.jpg 600w\" sizes=\"(max-width: 300px) 100vw, 300px\" \/><\/a><\/div>\r\n<figure class=\"aligncenter\">\r\n<ul>\r\n<li><strong><u>INFOS IMPLANTS COCHLEAIRES ET PROCESSEURS<\/u><\/strong><\/li>\r\n<\/ul>\r\n<p>Le syst\u00e8me d\u2019implant cochl\u00e9aire contourne la partie de l\u2019oreille qui ne fonctionne plus correctement\u00a0et d\u00e9livre ainsi le son au cerveau sous la forme de signaux \u00e9lectriques, par le biais du nerf auditif.<\/p>\r\n<p>Il est possible de classer les sons en deux cat\u00e9gories\u00a0:<\/p>\r\n<ul>\r\n<li>les basses fr\u00e9quences (graves) : elles constituent la base et la structure des sons tels que les voyelles et la m\u00e9lodie. Ce sont des \u00e9l\u00e9ments importants dans la reconnaissance\u00a0de la parole et la d\u00e9tection des \u00e9motions.<\/li>\r\n<li>les hautes fr\u00e9quences (aig\u00fces) : elles fournissent des d\u00e9tails essentiels permettant d\u2019identifier et de diff\u00e9rencier les mots tout en am\u00e9liorant leur qualit\u00e9 sonore et leur clart\u00e9. Ce sont des \u00e9l\u00e9ments importants pour la compr\u00e9hension de la parole, en particulier dans les situations bruyantes.<\/li>\r\n<\/ul>\r\n<p>L\u2019implant cochl\u00e9aire est destin\u00e9 aux patients atteints de surdit\u00e9 bilat\u00e9rale s\u00e9v\u00e8re \u00e0 profonde.<\/p>\r\n<p>Cependant certains patients ont encore une audition r\u00e9siduelle sur les basses fr\u00e9quences, c&rsquo;est-\u00e0-dire qu&rsquo;ils entendent quelques sons. Un syst\u00e8me d\u2019implant cochl\u00e9aire hybride peut alors leur \u00eatre propos\u00e9 : les basses fr\u00e9quences seront stimul\u00e9es de fa\u00e7on acoustique et les hautes fr\u00e9quences de fa\u00e7on \u00e9lectrique.<\/p>\r\n<p>Un syst\u00e8me d\u2019implant cochl\u00e9aire comprend deux parties :<\/p>\r\n<ul>\r\n<li>une partie interne : un implant positionn\u00e9 sous la peau dont le faisceau d\u2019\u00e9lectrodes stimule \u00e9lectriquement la cochl\u00e9e.<\/li>\r\n<li>une partie externe : un processeur externe qui capte les sons et les num\u00e9rise pour les transmettre \u00e0 la partie interne.<br \/><a style=\"font-family: 'Roboto Slab', sans-serif; font-size: 1.75em; font-weight: bold; text-align: center;\" href=\"https:\/\/api-asso.fr\/wp-content\/uploads\/2023\/01\/27_CI632_45Degree_SheathOff_HR.jpg\"><img decoding=\"async\" loading=\"lazy\" class=\"size-medium wp-image-1677 aligncenter\" src=\"https:\/\/api-asso.fr\/wp-content\/uploads\/2023\/01\/27_CI632_45Degree_SheathOff_HR-300x276.jpg\" alt=\"\" width=\"300\" height=\"276\" srcset=\"https:\/\/api-asso.fr\/wp-content\/uploads\/2023\/01\/27_CI632_45Degree_SheathOff_HR-300x276.jpg 300w, https:\/\/api-asso.fr\/wp-content\/uploads\/2023\/01\/27_CI632_45Degree_SheathOff_HR-600x553.jpg 600w, https:\/\/api-asso.fr\/wp-content\/uploads\/2023\/01\/27_CI632_45Degree_SheathOff_HR.jpg 700w\" sizes=\"(max-width: 300px) 100vw, 300px\" \/><\/a><\/li>\r\n<\/ul>\r\n<\/figure>\r\n<p><strong><u>2 &#8211; ENTENDRE AVEC UN SYSTEME D&rsquo;IMPLANT COCHLEAIRE<\/u><\/strong><\/p>\r\n<p>L&rsquo;implant est plac\u00e9 juste sous la peau, derri\u00e8re l\u2019oreille, tandis que le processeur externe \u00e9quip\u00e9 d\u2019une antenne peut \u00eatre port\u00e9 en contour d\u2019oreille processeur Nucleus 7 ou de mani\u00e8re d\u00e9port\u00e9 processeur Nucleus Kanso<sup>\u00ae<\/sup>2<\/p>\r\n<p>En fonction des besoins et de l\u2019audition r\u00e9siduelle du patient sur les basses fr\u00e9quences, un composant acoustique peut-\u00eatre positionn\u00e9 dans le conduit auditif.<br \/><a style=\"text-align: center;\" href=\"https:\/\/api-asso.fr\/wp-content\/uploads\/2023\/01\/N7_Kanso2_CI600_Portfolio_Layers.jpg\"><img decoding=\"async\" loading=\"lazy\" class=\"size-medium wp-image-1678 aligncenter\" src=\"https:\/\/api-asso.fr\/wp-content\/uploads\/2023\/01\/N7_Kanso2_CI600_Portfolio_Layers-300x294.jpg\" alt=\"\" width=\"300\" height=\"294\" srcset=\"https:\/\/api-asso.fr\/wp-content\/uploads\/2023\/01\/N7_Kanso2_CI600_Portfolio_Layers-300x294.jpg 300w, https:\/\/api-asso.fr\/wp-content\/uploads\/2023\/01\/N7_Kanso2_CI600_Portfolio_Layers-768x751.jpg 768w, https:\/\/api-asso.fr\/wp-content\/uploads\/2023\/01\/N7_Kanso2_CI600_Portfolio_Layers-1024x1002.jpg 1024w, https:\/\/api-asso.fr\/wp-content\/uploads\/2023\/01\/N7_Kanso2_CI600_Portfolio_Layers-945x925.jpg 945w, https:\/\/api-asso.fr\/wp-content\/uploads\/2023\/01\/N7_Kanso2_CI600_Portfolio_Layers-600x587.jpg 600w, https:\/\/api-asso.fr\/wp-content\/uploads\/2023\/01\/N7_Kanso2_CI600_Portfolio_Layers.jpg 1200w\" sizes=\"(max-width: 300px) 100vw, 300px\" \/><\/a><\/p>\r\n<p><strong><u>3 \u2013 AIDES AUDITIVES\u00a0: LES DISPOSTIFS TRUE WIRELESS <\/u><\/strong><\/p>\r\n<p>La gamme Cochlear True Wireless\u2122 propose trois dispositifs : un microphone d\u00e9port\u00e9, un kit mains libres et un \u00e9metteur audio TV. La technologie sans fil Cochlear True Wireless utilise le m\u00eame protocole sans fil 2,4 GHz que les appareils Bluetooth\u00ae et Wi-Fi. Ce protocole est devenu la norme en mati\u00e8re de connectivit\u00e9 sans fil, assurant la fluidit\u00e9 des connexions et la s\u00e9curit\u00e9 des communications.<\/p>\r\n<p><em><u>Cochlear Wireless Mini Microphone 2+<\/u><\/em><\/p>\r\n<p>Le Cochlear Wireless Mini Microphone 2+ est un microphone d\u00e9port\u00e9 sans fil diffusant directement les sons capt\u00e9s au processeur.<\/p>\r\n<p><em><u>Cochlear Wireless Phone Clip (kit mains libres)<\/u><\/em><\/p>\r\n<p>Le Phone Clip transmet directement les appels et les contenus audio du t\u00e9l\u00e9phone ou appareils compatibles Bluetooth vers le processeur.<\/p>\r\n<p><em><u>Cochlear Wireless TV Streamer (Emetteur audio TV)<\/u><\/em><\/p>\r\n<p>Le TV Streamer transmet un son mono ou st\u00e9r\u00e9o directement au(x) processeur(s) depuis un t\u00e9l\u00e9viseur, une cha\u00eene Hi-Fi ou d\u2019autres appareils audios.<\/p>\r\n\r\n\r\n\r\n\r\n\r\n\r\n\r\n\r\n\r\n<figure class=\"wp-block-image\"><a href=\"https:\/\/api-asso.fr\/wp-content\/uploads\/2023\/01\/Wireless-Family_Minimic2_frontview.jpg\"><img decoding=\"async\" loading=\"lazy\" class=\"size-medium wp-image-1681 aligncenter\" src=\"https:\/\/api-asso.fr\/wp-content\/uploads\/2023\/01\/Wireless-Family_Minimic2_frontview-300x187.jpg\" alt=\"\" width=\"300\" height=\"187\" srcset=\"https:\/\/api-asso.fr\/wp-content\/uploads\/2023\/01\/Wireless-Family_Minimic2_frontview-300x187.jpg 300w, https:\/\/api-asso.fr\/wp-content\/uploads\/2023\/01\/Wireless-Family_Minimic2_frontview-600x375.jpg 600w, https:\/\/api-asso.fr\/wp-content\/uploads\/2023\/01\/Wireless-Family_Minimic2_frontview.jpg 700w\" sizes=\"(max-width: 300px) 100vw, 300px\" \/><\/a><\/figure>\r\n\r\n\r\n\r\n<h4 class=\"wp-block-image\">Accessoire Nucleus Aqua+<\/h4>\r\n\r\n\r\n\r\n<div class=\"wp-block-image\">\r\n<figure class=\"aligncenter\"><img decoding=\"async\" loading=\"lazy\" width=\"300\" height=\"249\" class=\"wp-image-525 aligncenter\" src=\"https:\/\/api-asso.fr\/wp-content\/uploads\/2019\/04\/Cochlear-aqua.jpg\" alt=\"\" \/>\r\n<figcaption><\/figcaption>\r\n<\/figure>\r\n<\/div>\r\n\r\n\r\n\r\n<p>Les processeurs Nucleus 7 et Nucleus Kanso sont tous deux r\u00e9sistants \u00e0 l\u2019eau, ainsi qu\u2019\u00e0 la transpiration et aux \u00e9claboussures.<\/p>\r\n\r\n\r\n\r\n<p>Utilis\u00e9s avec la gaine de protection Aqua+, sp\u00e9cifique \u00e0 chaque mod\u00e8le, le processeur devient \u00e9tanche et permet de nager et de pratiquer des activit\u00e9s aquatiques<\/p>\r\n\r\n\r\n\r\n<div class=\"wp-block-image\">\r\n<figure class=\"aligncenter is-resized\"><img decoding=\"async\" loading=\"lazy\" class=\"wp-image-526\" src=\"https:\/\/api-asso.fr\/wp-content\/uploads\/2019\/04\/Cochlear-service-patients.jpg\" alt=\"\" width=\"163\" height=\"150\" srcset=\"https:\/\/api-asso.fr\/wp-content\/uploads\/2019\/04\/Cochlear-service-patients.jpg 777w, https:\/\/api-asso.fr\/wp-content\/uploads\/2019\/04\/Cochlear-service-patients-300x277.jpg 300w, https:\/\/api-asso.fr\/wp-content\/uploads\/2019\/04\/Cochlear-service-patients-768x709.jpg 768w, https:\/\/api-asso.fr\/wp-content\/uploads\/2019\/04\/Cochlear-service-patients-600x554.jpg 600w\" sizes=\"(max-width: 163px) 100vw, 163px\" \/>\r\n<figcaption><strong>Pour tout probl\u00e8me de commande, contacter le service patients<\/strong><\/figcaption>\r\n<\/figure>\r\n<\/div>\r\n\r\n\r\n\r\n<p class=\"has-background\" style=\"background-color: #ebc03f; text-align: center;\"><strong>Inscrivez-vous, pour faire partie de la famille COCHLEAR<\/strong><\/p>\r\n\r\n\r\n\r\n<p style=\"text-align: center;\">Cochlear Family : quels sont les avantages<\/p>\r\n\r\n\r\n\r\n<p style=\"text-align: center;\">Soyez parmi les premiers \u00e0 \u00eatre inform\u00e9s des nouvelles technologies qui vous faciliteront la vie. Cochlear travaille main dans la main avec les professionnels de sant\u00e9 qui vous prennent en charge afin d&rsquo;am\u00e9liorer votre parcours vers le monde de l&rsquo;audition.<\/p>\r\n\r\n\r\n\r\n<p style=\"text-align: center;\">D\u00e9couvrez des astuces et techniques, obtenez les toutes derni\u00e8res informations et b\u00e9n\u00e9ficiez de conseils d&rsquo;experts. Rencontrez d\u2019autres membres de la famille Cochlear Vous aurez l&rsquo;esprit tranquille en sachant que nous sommes \u00e0 vos c\u00f4t\u00e9s \u00e0 chaque instant.<\/p>\r\n\r\n\r\n\r\n<p style=\"text-align: center;\"><strong>Pour plus d&rsquo;information : www.cochlear.fr<\/strong><\/p>\r\n","protected":false},"excerpt":{"rendered":"<p>Les processeurs Nucleus 7 et Nucleus Kanso sont tous deux r\u00e9sistants \u00e0 l\u2019eau, ainsi qu\u2019\u00e0 la transpiration et aux \u00e9claboussures. Utilis\u00e9s avec la gaine de protection Aqua+, sp\u00e9cifique \u00e0 chaque mod\u00e8le, le processeur devient \u00e9tanche et permet de nager et&#8230; <a class=\"more-link\" href=\"https:\/\/api-asso.fr\/index.php\/cochlear-france\/\">Continue Reading &rarr;<\/a><\/p>\n","protected":false},"author":1,"featured_media":0,"parent":0,"menu_order":0,"comment_status":"closed","ping_status":"closed","template":"","meta":[],"_links":{"self":[{"href":"https:\/\/api-asso.fr\/index.php\/wp-json\/wp\/v2\/pages\/520"}],"collection":[{"href":"https:\/\/api-asso.fr\/index.php\/wp-json\/wp\/v2\/pages"}],"about":[{"href":"https:\/\/api-asso.fr\/index.php\/wp-json\/wp\/v2\/types\/page"}],"author":[{"embeddable":true,"href":"https:\/\/api-asso.fr\/index.php\/wp-json\/wp\/v2\/users\/1"}],"replies":[{"embeddable":true,"href":"https:\/\/api-asso.fr\/index.php\/wp-json\/wp\/v2\/comments?post=520"}],"version-history":[{"count":8,"href":"https:\/\/api-asso.fr\/index.php\/wp-json\/wp\/v2\/pages\/520\/revisions"}],"predecessor-version":[{"id":1682,"href":"https:\/\/api-asso.fr\/index.php\/wp-json\/wp\/v2\/pages\/520\/revisions\/1682"}],"wp:attachment":[{"href":"https:\/\/api-asso.fr\/index.php\/wp-json\/wp\/v2\/media?parent=520"}],"curies":[{"name":"wp","href":"https:\/\/api.w.org\/{rel}","templated":true}]}}