{"id":42,"date":"2019-03-16T11:58:08","date_gmt":"2019-03-16T10:58:08","guid":{"rendered":"https:\/\/api-asso.fr\/?page_id=42"},"modified":"2019-03-18T18:50:47","modified_gmt":"2019-03-18T17:50:47","slug":"les-fabricants-et-les-modeles","status":"publish","type":"page","link":"https:\/\/api-asso.fr\/index.php\/les-fabricants-et-les-modeles\/","title":{"rendered":"Les fabricants et les mod\u00e8les"},"content":{"rendered":"\n<h4 class=\"wp-block-heading\">SITES DES FABRICANTS\nD&rsquo;IMPLANTS COCHLEAIRES<\/h4>\n\n\n\n<p>COCHLEAR :&nbsp;<a href=\"https:\/\/www.cochlear.com\/fr\/home\">https:\/\/www.cochlear.com\/fr\/home<\/a>&nbsp;&nbsp; voir page12-13<\/p>\n\n\n\n<p>MED EL :&nbsp;<a href=\"https:\/\/www.medel.com\/fr\/\">https:\/\/www.medel.com\/fr\/<\/a><\/p>\n\n\n\n<p>ADVANCED\nBIONICS :&nbsp;<a href=\"https:\/\/advancedbionics.com\/fr\/fr_fr\/home.html\">https:\/\/advancedbionics.com\/fr\/fr_fr\/home.html<\/a><\/p>\n\n\n\n<p>&nbsp;OTICON :&nbsp;<a href=\"https:\/\/www.oticonmedical.com\/fr\">https:\/\/www.oticonmedical.com\/fr<\/a><\/p>\n\n\n\n<p><strong>LOISIRS<\/strong><\/p>\n\n\n\n<p>Un lien pour les films\nsous-titr\u00e9s au cin\u00e9ma :&nbsp;<a href=\"http:\/\/www.cinest.fr\/\">http:\/\/www.cinest.fr\/<\/a><\/p>\n\n\n\n<h2 class=\"wp-block-heading\">Nucl\u00e9us 7<\/h2>\n\n\n\n<figure class=\"wp-block-image\"><img decoding=\"async\" loading=\"lazy\" width=\"300\" height=\"206\" src=\"https:\/\/api-asso.fr\/wp-content\/uploads\/2019\/03\/cochlear-1-300x206.png\" alt=\"\" class=\"wp-image-187\" srcset=\"https:\/\/api-asso.fr\/wp-content\/uploads\/2019\/03\/cochlear-1-300x206.png 300w, https:\/\/api-asso.fr\/wp-content\/uploads\/2019\/03\/cochlear-1.png 423w\" sizes=\"(max-width: 300px) 100vw, 300px\" \/><\/figure>\n\n\n\n<figure class=\"wp-block-image\"><img decoding=\"async\" loading=\"lazy\" width=\"1024\" height=\"504\" src=\"https:\/\/api-asso.fr\/wp-content\/uploads\/2019\/03\/nucleus-1024x504.png\" alt=\"\" class=\"wp-image-179\"\/><\/figure>\n\n\n\n<p>Les processeurs sont \u00e9quip\u00e9s de deux microphones qui r\u00e9duisent\nensemble le bruit de fond tout en am\u00e9liorant l\u2019exp\u00e9rience auditive, pour mieux\nentendre les sons.<\/p>\n\n\n\n<p>Une adaptation automatique \u00e0 l\u2019environnement avec SmartSound iQ SCAN<\/p>\n\n\n\n<figure class=\"wp-block-image\"><img decoding=\"async\" loading=\"lazy\" width=\"1024\" height=\"427\" src=\"https:\/\/api-asso.fr\/wp-content\/uploads\/2019\/03\/entendre-1024x427.png\" alt=\"\" class=\"wp-image-180\" srcset=\"https:\/\/api-asso.fr\/wp-content\/uploads\/2019\/03\/entendre-1024x427.png 1024w, https:\/\/api-asso.fr\/wp-content\/uploads\/2019\/03\/entendre-300x125.png 300w, https:\/\/api-asso.fr\/wp-content\/uploads\/2019\/03\/entendre-768x320.png 768w\" sizes=\"(max-width: 1024px) 100vw, 1024px\" \/><\/figure>\n\n\n\n<h2 class=\"wp-block-heading\">Entendre avec le syst\u00e8me Cochlear Nucleus<\/h2>\n\n\n\n<p>Le syst\u00e8me Cochlear Nucleus est constitu\u00e9 d&rsquo;\u00e9l\u00e9ments externes et internes. L&rsquo;implant A est plac\u00e9 juste sous la peau, derri\u00e8re l&rsquo;oreille, tandis que le processeur externe \u00e9quip\u00e9 d&rsquo;une antenne B peut \u00eatre port\u00e9 en contour d&rsquo;oreille C1 (processeur Nucleus 7) ou de mani\u00e8re d\u00e9port\u00e9e C2 (processeur Nucleus Kanso).<\/p>\n\n\n\n<p>En fonction des besoins et de l&rsquo;audition r\u00e9siduelle du patient sur les bases fr\u00e9quences, un composant acoustique D peut \u00eatre positionn\u00e9e dans le conduit auditif.<\/p>\n\n\n\n<p>Une aide auditive d&rsquo;un c\u00f4t\u00e9 et un implant cochl\u00e9aire de l&rsquo;autre peut offrir \u00e0 certains de meilleures performances auditives. Cette combinaison est appel\u00e9e l&rsquo;audition bimodale.<\/p>\n\n\n\n<h2 class=\"wp-block-heading\">Les aides auditives<\/h2>\n\n\n\n<figure class=\"wp-block-image\"><img decoding=\"async\" loading=\"lazy\" width=\"1024\" height=\"723\" src=\"https:\/\/api-asso.fr\/wp-content\/uploads\/2019\/03\/aides-auditives-1024x723.png\" alt=\"\" class=\"wp-image-181\" srcset=\"https:\/\/api-asso.fr\/wp-content\/uploads\/2019\/03\/aides-auditives-1024x723.png 1024w, https:\/\/api-asso.fr\/wp-content\/uploads\/2019\/03\/aides-auditives-300x212.png 300w, https:\/\/api-asso.fr\/wp-content\/uploads\/2019\/03\/aides-auditives-768x542.png 768w, https:\/\/api-asso.fr\/wp-content\/uploads\/2019\/03\/aides-auditives.png 1663w\" sizes=\"(max-width: 1024px) 100vw, 1024px\" \/><\/figure>\n\n\n\n<h2 class=\"wp-block-heading\">Technologie sans fil<\/h2>\n\n\n\n<figure class=\"wp-block-image\"><img alt=\"\"\/><\/figure>\n\n\n\n<p>Dans les situations d&rsquo;\u00e9coute difficiles, les dispositifs Cochlear True Wireless peuvent \u00eatre utilis\u00e9s avec les processeurs Nucleus 7 et Kanso: regarder la t\u00e9l\u00e9vision sans sous-titres, parler au t\u00e9l\u00e9phone, bien entendre en r\u00e9union ou participer activement aux discussions en classe<\/p>\n\n\n\n<p>Cochlear Wireless Mini Microphones<\/p>\n\n\n\n<p>Au travail, \u00e0 l&rsquo;\u00e9cole ou \u00e0 la maison, les Cochlear Wireless Mini Microphones aident \u00e0 mieux comprendre les conversations dans le bruit et \u00e0 distance, en palliant la distance entre le locuteur et l&rsquo;utilisateur. Le mini-microphone 2+ donne \u00e9galement acc\u00e8s \u00e0 la connectivit\u00e9 FM.<\/p>\n\n\n\n<p>Le mini-microphone, pour faciliter la compr\u00e9hension de la parole en classe<\/p>\n\n\n\n<p><strong>Cochlear Wireless TV Streamer (\u00e9metteur audio TV)<\/strong><\/p>\n\n\n\n<p>Le Cochlear Wireless TV Streamer diffuse le son en st\u00e9r\u00e9o directement vers le processeur, sans avoir \u00e0 r\u00e9gler le volume.<\/p>\n\n\n\n<p>Cochlear Wireless Phone Clip (kit mains libres)<\/p>\n\n\n\n<p>Le Cochlear Wireless Phone Clip transmet les conversations du t\u00e9l\u00e9phone portable ou de l&rsquo;appareil compatible Bluetooth directement vers le processeur. De le m\u00eame mani\u00e8re, il diffuse la musique directement vers le processeur pour une meilleure appr\u00e9ciation.<\/p>\n","protected":false},"excerpt":{"rendered":"<p>SITES DES FABRICANTS D&rsquo;IMPLANTS COCHLEAIRES COCHLEAR :&nbsp;https:\/\/www.cochlear.com\/fr\/home&nbsp;&nbsp; voir page12-13 MED EL :&nbsp;https:\/\/www.medel.com\/fr\/ ADVANCED BIONICS :&nbsp;https:\/\/advancedbionics.com\/fr\/fr_fr\/home.html &nbsp;OTICON :&nbsp;https:\/\/www.oticonmedical.com\/fr LOISIRS Un lien pour les films sous-titr\u00e9s au cin\u00e9ma :&nbsp;http:\/\/www.cinest.fr\/ Nucl\u00e9us 7 Les processeurs sont \u00e9quip\u00e9s de deux microphones qui r\u00e9duisent ensemble le&#8230; <a class=\"more-link\" href=\"https:\/\/api-asso.fr\/index.php\/les-fabricants-et-les-modeles\/\">Continue Reading &rarr;<\/a><\/p>\n","protected":false},"author":1,"featured_media":0,"parent":0,"menu_order":0,"comment_status":"closed","ping_status":"closed","template":"","meta":[],"_links":{"self":[{"href":"https:\/\/api-asso.fr\/index.php\/wp-json\/wp\/v2\/pages\/42"}],"collection":[{"href":"https:\/\/api-asso.fr\/index.php\/wp-json\/wp\/v2\/pages"}],"about":[{"href":"https:\/\/api-asso.fr\/index.php\/wp-json\/wp\/v2\/types\/page"}],"author":[{"embeddable":true,"href":"https:\/\/api-asso.fr\/index.php\/wp-json\/wp\/v2\/users\/1"}],"replies":[{"embeddable":true,"href":"https:\/\/api-asso.fr\/index.php\/wp-json\/wp\/v2\/comments?post=42"}],"version-history":[{"count":8,"href":"https:\/\/api-asso.fr\/index.php\/wp-json\/wp\/v2\/pages\/42\/revisions"}],"predecessor-version":[{"id":188,"href":"https:\/\/api-asso.fr\/index.php\/wp-json\/wp\/v2\/pages\/42\/revisions\/188"}],"wp:attachment":[{"href":"https:\/\/api-asso.fr\/index.php\/wp-json\/wp\/v2\/media?parent=42"}],"curies":[{"name":"wp","href":"https:\/\/api.w.org\/{rel}","templated":true}]}}