{"id":36,"date":"2023-04-10T11:56:56","date_gmt":"2023-04-10T09:56:56","guid":{"rendered":"https:\/\/api-asso.fr\/?page_id=36"},"modified":"2026-01-31T16:06:32","modified_gmt":"2026-01-31T15:06:32","slug":"bulletin-dadhesion","status":"publish","type":"page","link":"https:\/\/api-asso.fr\/index.php\/bulletin-dadhesion\/","title":{"rendered":"Bulletin d&rsquo;adh\u00e9sion"},"content":{"rendered":"\r\n<h5><strong>Notre contrat collectif d\u2019assurance<\/strong><\/h5>\r\n<h5><span style=\"color: #ff6600;\">Votre implant cochl\u00e9aire est pr\u00e9cieux, prot\u00e9gez-le !<\/span><\/h5>\r\n<p>Api offre \u00e0 ses adh\u00e9rent-e-s la possibilit\u00e9 de souscrire \u00e0 son contrat collectif d\u2019assurance.<\/p>\r\n<p>API a sign\u00e9 un partenariat avec GAN Assurances pour vous proposer une assurance avec des garanties utiles et responsables \u00e0 un tarif privil\u00e9gi\u00e9 sans franchise ni v\u00e9tust\u00e9 pour vos implants cochl\u00e9aires.<\/p>\r\n<p>GAN Assurances garantit ainsi tous les dommages accidentels r\u00e9sultants\u00a0:<\/p>\r\n<ul>\r\n<li>D\u2019un \u00e9v\u00e9nement accidentel\u00a0;<\/li>\r\n<li>D\u2019un vol ou tentative de vol\u00a0;<\/li>\r\n<li>D\u2019un incendie ou d\u2019une explosion\u00a0;<\/li>\r\n<li>Ou de la perte<\/li>\r\n<\/ul>\r\n<p><strong><span style=\"color: #ff0000;\">Nous vous informons de l&rsquo;augmentation de l&rsquo;assurance \u00e0 partir du 1er janvier 2026.<\/span><\/strong><\/p>\r\n<ul>\r\n<li><strong>Option 1<\/strong>: 1 c\u00f4t\u00e9, processeur externe uniquement, 151\u20ac \/ an<\/li>\r\n<\/ul>\r\n<p>\u00a0 \u00a0 \u00a0 Plafond de garantie : 10000\u20ac<\/p>\r\n<ul>\r\n<li><strong>Option 2 <\/strong>: 1 c\u00f4t\u00e9, processeur externe et implant : 191\u20ac \/ an<\/li>\r\n<\/ul>\r\n<p>\u00a0 \u00a0 \u00a0 Plafond de garantie 26000\u20ac \/ an<\/p>\r\n<ul>\r\n<li><strong>Option 3 <\/strong>: 2 c\u00f4t\u00e9s, processeurs externes uniquement : 280\u20ac \/ an<\/li>\r\n<\/ul>\r\n<p>\u00a0 \u00a0 \u00a0Plafond de garantie 20000\u20ac \/ an<\/p>\r\n<ul>\r\n<li><strong>Option 4 <\/strong>: 2 c\u00f4t\u00e9s, processeurs externes et implants : 347 \u20ac \/ an<\/li>\r\n<\/ul>\r\n<p>\u00a0 \u00a0 \u00a0 Plafond de garantie 52000\u20ac \/ an<\/p>\r\n<p><em>Cette hausse est due, d&rsquo;une part \u00e0 la hausse r\u00e9glementaire li\u00e9e aux catastrophes naturelles et aux sinistres, du fait de l&rsquo;augmentation du co\u00fbt des r\u00e9parations.<\/em><\/p>\r\n<p>&#8211; Pour une assurance prise en cours d\u2019ann\u00e9e, le montant se calcule au prorata des mois restants.<br \/>&#8211; L\u2019assurance prise au cours d&rsquo;un mois est effective \u00e0 partir du premier jour de ce mois.<br \/>&#8211; Pour un paiement par ch\u00e8que, renseignez-vous du montant \u00e0 r\u00e9gler.<\/p>\r\n<p>Pour plus d&rsquo;informations contactez Suzette BIONDI :<br \/>\u00a0 \u00a0 \u00a0&#8211; Par mail : asso.api2@outlook.fr<br \/>\u00a0 \u00a0 \u00a0&#8211; Par SMS : 06 24 87 28 90\u00a0<\/p>\r\n<p style=\"padding-left: 40px; text-align: center;\"><span style=\"color: #ff0000;\"><strong>Le paiement de la cotisation \u00e0 API 25\u20ac<\/strong> <strong>est obligatoire<br \/><\/strong><\/span><span style=\"color: #ff0000;\"><strong>\u00a0Pour pouvoir b\u00e9n\u00e9ficier du contrat collectif et doit \u00eatre acquitt\u00e9 chaque ann\u00e9e<\/strong><strong>\u00a0<br \/><\/strong><\/span><span style=\"color: #ff0000;\">\u00a0<\/span>Tarifs non contractuels<\/p>\r\n<p style=\"padding-left: 40px;\"><strong>Je choisi de r\u00e9gler mon adh\u00e9sion de 25\u20ac \u00e0 API :<\/strong><\/p>\r\n<p>\u25a1<strong> Par Virement\u00a0:<br \/><\/strong>Domiciliation bancaire : Domiciliation bancaire : PITHIVIERS<br \/>Banque : 14806\u00a0 Guichet : 00027\u00a0 <br \/>N\u00b0 de compte : 72052981876\u00a0 \u00a0Cl\u00e9 RIB : 49<br \/>IBAN : FR76 1480 6000 2772 0529 8187 649<br \/>BIC : AGRIFRPP848<\/p>\r\n<p><strong>\u25a1 Par Carte bancaire :<br \/><\/strong> Par HelloAsso, plateforme de paiement 100% s\u00e9curis\u00e9e.<br \/>La contribution \u00e0 HelloAsso de 4,25\u20ac\u00a0n\u2019est pas obligatoire.<\/p>\r\n<p><strong>Adresse URL<\/strong> :<br \/><span style=\"color: #3366ff;\">https:\/\/www.helloasso.com\/associations\/api-audition-partage-implants<\/span><\/p>\r\n<p><strong>Remplir le formulaire \u2026<br \/><\/strong>Une attestation de paiement vous sera d\u00e9livr\u00e9e.<\/p>\r\n<p>\u25a1 <strong>Par ch\u00e8que \u00e0 l&rsquo;ordre d&rsquo;API<\/strong>.<\/p>\r\n<hr \/>\r\n<p><strong>Je peux choisir de payer l&rsquo;assurance\u00a0 GAN par mois, semestre ou annuellement.<br \/><\/strong><strong><u>L\u2019assurance prise au cours du mois est effective \u00e0 partir du premier jour\u00a0de ce mois.<\/u><\/strong><\/p>\r\n<h5>T\u00e9l\u00e9chargez le bulletin d&rsquo;adh\u00e9sion :<\/h5>\r\n\r\n\r\n\r\n<h4 class=\"wp-block-file\" style=\"text-align: center;\"><a href=\"https:\/\/api-asso.fr\/wp-content\/uploads\/2026\/01\/bulletin-dadhesion-2026.pdf\" target=\"_blank\" rel=\"noopener\">bulletin d&rsquo;adh\u00e9sion-2026<\/a><\/h4>\r\n\r\n\r\n\r\n<h4 style=\"text-align: center;\"><span style=\"color: #3366ff;\"><br \/><br \/><\/span><\/h4>\r\n\r\n\r\n","protected":false},"excerpt":{"rendered":"<p>Notre contrat collectif d\u2019assurance Votre implant cochl\u00e9aire est pr\u00e9cieux, prot\u00e9gez-le ! Api offre \u00e0 ses adh\u00e9rent-e-s la possibilit\u00e9 de souscrire \u00e0 son contrat collectif d\u2019assurance. API a sign\u00e9 un partenariat avec GAN Assurances pour vous proposer une assurance avec des&#8230; <a class=\"more-link\" href=\"https:\/\/api-asso.fr\/index.php\/bulletin-dadhesion\/\">Continue Reading &rarr;<\/a><\/p>\n","protected":false},"author":1,"featured_media":0,"parent":0,"menu_order":0,"comment_status":"closed","ping_status":"closed","template":"","meta":[],"_links":{"self":[{"href":"https:\/\/api-asso.fr\/index.php\/wp-json\/wp\/v2\/pages\/36"}],"collection":[{"href":"https:\/\/api-asso.fr\/index.php\/wp-json\/wp\/v2\/pages"}],"about":[{"href":"https:\/\/api-asso.fr\/index.php\/wp-json\/wp\/v2\/types\/page"}],"author":[{"embeddable":true,"href":"https:\/\/api-asso.fr\/index.php\/wp-json\/wp\/v2\/users\/1"}],"replies":[{"embeddable":true,"href":"https:\/\/api-asso.fr\/index.php\/wp-json\/wp\/v2\/comments?post=36"}],"version-history":[{"count":63,"href":"https:\/\/api-asso.fr\/index.php\/wp-json\/wp\/v2\/pages\/36\/revisions"}],"predecessor-version":[{"id":2448,"href":"https:\/\/api-asso.fr\/index.php\/wp-json\/wp\/v2\/pages\/36\/revisions\/2448"}],"wp:attachment":[{"href":"https:\/\/api-asso.fr\/index.php\/wp-json\/wp\/v2\/media?parent=36"}],"curies":[{"name":"wp","href":"https:\/\/api.w.org\/{rel}","templated":true}]}}