{"id":17,"date":"2019-03-16T11:22:12","date_gmt":"2019-03-16T10:22:12","guid":{"rendered":"https:\/\/api-asso.fr\/?page_id=17"},"modified":"2019-10-17T16:18:55","modified_gmt":"2019-10-17T14:18:55","slug":"vos-droits","status":"publish","type":"page","link":"https:\/\/api-asso.fr\/index.php\/vos-droits\/","title":{"rendered":"Vos droits"},"content":{"rendered":"<p>Vous trouverez dans ce chapitre tous les renseignements qui concernent :<\/p>\r\n<ul>\r\n<li>La s\u00e9curit\u00e9 sociale et les compl\u00e9mentaires sant\u00e9.<\/li>\r\n<li>Les aides aux handicap\u00e9s et invalides.<\/li>\r\n<li>Les aides sociales et fiscales.\u00a0<\/li>\r\n<\/ul>\r\n\r\n<figure class=\"wp-block-image\"><\/figure>\r\n","protected":false},"excerpt":{"rendered":"<p>Vous trouverez dans ce chapitre tous les renseignements qui concernent : La s\u00e9curit\u00e9 sociale et les compl\u00e9mentaires sant\u00e9. Les aides aux handicap\u00e9s et invalides. Les aides sociales et fiscales.\u00a0<\/p>\n","protected":false},"author":1,"featured_media":0,"parent":0,"menu_order":0,"comment_status":"closed","ping_status":"closed","template":"","meta":[],"_links":{"self":[{"href":"https:\/\/api-asso.fr\/index.php\/wp-json\/wp\/v2\/pages\/17"}],"collection":[{"href":"https:\/\/api-asso.fr\/index.php\/wp-json\/wp\/v2\/pages"}],"about":[{"href":"https:\/\/api-asso.fr\/index.php\/wp-json\/wp\/v2\/types\/page"}],"author":[{"embeddable":true,"href":"https:\/\/api-asso.fr\/index.php\/wp-json\/wp\/v2\/users\/1"}],"replies":[{"embeddable":true,"href":"https:\/\/api-asso.fr\/index.php\/wp-json\/wp\/v2\/comments?post=17"}],"version-history":[{"count":4,"href":"https:\/\/api-asso.fr\/index.php\/wp-json\/wp\/v2\/pages\/17\/revisions"}],"predecessor-version":[{"id":998,"href":"https:\/\/api-asso.fr\/index.php\/wp-json\/wp\/v2\/pages\/17\/revisions\/998"}],"wp:attachment":[{"href":"https:\/\/api-asso.fr\/index.php\/wp-json\/wp\/v2\/media?parent=17"}],"curies":[{"name":"wp","href":"https:\/\/api.w.org\/{rel}","templated":true}]}}