{"id":132,"date":"2019-03-16T14:04:12","date_gmt":"2019-03-16T13:04:12","guid":{"rendered":"https:\/\/api-asso.fr\/?page_id=132"},"modified":"2025-12-08T16:39:36","modified_gmt":"2025-12-08T15:39:36","slug":"nous-rencontrer","status":"publish","type":"page","link":"https:\/\/api-asso.fr\/index.php\/nous-rencontrer\/","title":{"rendered":"Nous rencontrer"},"content":{"rendered":"\r\n<p class=\"has-text-color has-black-color\"><strong>Permanence API :<\/strong><\/p>\r\n\r\n\r\n\r\n\r\n\r\n<h4 class=\"wp-block-heading\"><strong>TOUS LES MERCREDI<\/strong><\/h4>\r\n<ul>\r\n<li>\r\n<h4>10H &#8211; 13H<\/h4>\r\n<\/li>\r\n<\/ul>\r\n\r\n\r\n\r\n<h4>H\u00f4pital Piti\u00e9-Salp\u00eatri\u00e8re<\/h4>\r\n<p>Elle est situ\u00e9e provisoirement dans une structure modulaire qui se trouve entre l&rsquo;institut de cardiologie et l&rsquo;unit\u00e9 de stomatologie.<\/p>\r\n<p><a href=\"https:\/\/api-asso.fr\/wp-content\/uploads\/2020\/08\/IMG_1458.jpeg\"><img decoding=\"async\" loading=\"lazy\" class=\"size-medium wp-image-1361 aligncenter\" src=\"https:\/\/api-asso.fr\/wp-content\/uploads\/2020\/08\/IMG_1458-300x225.jpeg\" alt=\"\" width=\"300\" height=\"225\" srcset=\"https:\/\/api-asso.fr\/wp-content\/uploads\/2020\/08\/IMG_1458-300x225.jpeg 300w, https:\/\/api-asso.fr\/wp-content\/uploads\/2020\/08\/IMG_1458-768x576.jpeg 768w, https:\/\/api-asso.fr\/wp-content\/uploads\/2020\/08\/IMG_1458-945x709.jpeg 945w, https:\/\/api-asso.fr\/wp-content\/uploads\/2020\/08\/IMG_1458-600x450.jpeg 600w, https:\/\/api-asso.fr\/wp-content\/uploads\/2020\/08\/IMG_1458.jpeg 1008w\" sizes=\"(max-width: 300px) 100vw, 300px\" \/><\/a><\/p>\r\n<p><br \/>Entr\u00e9e secteur Vincent Auriol<br \/>52, Bd Vincent Auriol 75013 Paris<br \/>M\u00e9tro ligne 6 Chevaleret &#8211; Bus 61\u00a0\u00a0<br \/><br \/><br \/><\/p>\r\n<p>\r\n\r\n<\/p>\r\n\r\n\r\n\r\n<p>&nbsp;<\/p>\r\n\r\n\r\n\r\n<h4 class=\"wp-block-heading\"><strong><a href=\"https:\/\/api-asso.fr\/index.php\/2019\/04\/19\/prochain-atelier-api-fabricant\/\">DES ATELIERS : DATE SELON LE FABRICANT<\/a><\/strong><\/h4>\r\n\r\n\r\n\r\n<h4>Dates \u00e0 venir<\/h4>\r\n<h4>Maison des Usagers et Associations<\/h4>\r\n<ul>\r\n<li><strong>La MUA \u00e0 l\u2019h\u00f4pital Piti\u00e9-Salp\u00eatri\u00e8re<\/strong><br \/><strong>B\u00e2timent Lassay (\u00e0 gauche de la chapelle)<br \/><\/strong><strong>Secteur Salp\u00eatri\u00e8re &#8211; Porte 9 &#8211; 1<sup>er<\/sup> \u00e9tage gauche<\/strong><\/li>\r\n<\/ul>\r\n<p><span style=\"color: #ff0000;\">Entrer par le secteur <\/span><span style=\"color: #ff0000;\">Piti<\/span><span style=\"color: #ff0000;\">\u00e9, <\/span><span style=\"color: #ff0000;\">83 <\/span><span style=\"color: #ff0000;\">Bd<\/span><span style=\"color: #ff0000;\"> de l&rsquo;H\u00f4pital, <\/span><span style=\"color: #ff0000;\">prendre dans le b\u00e2timent \u00e0 gauche l&rsquo;ascenseur vers le secteur <\/span><span style=\"color: #ff0000;\">Sa<\/span><span style=\"color: #ff0000;\">lp\u00eatri\u00e8re.<\/span><\/p>\r\n<p><a href=\"https:\/\/api-asso.fr\/wp-content\/uploads\/2022\/05\/lassay-pitie-sal.jpg\">p<img decoding=\"async\" loading=\"lazy\" class=\"alignnone size-medium wp-image-1497\" src=\"https:\/\/api-asso.fr\/wp-content\/uploads\/2022\/05\/lassay-pitie-sal-300x166.jpg\" alt=\"\" width=\"300\" height=\"166\" srcset=\"https:\/\/api-asso.fr\/wp-content\/uploads\/2022\/05\/lassay-pitie-sal-300x166.jpg 300w, https:\/\/api-asso.fr\/wp-content\/uploads\/2022\/05\/lassay-pitie-sal-768x424.jpg 768w, https:\/\/api-asso.fr\/wp-content\/uploads\/2022\/05\/lassay-pitie-sal-600x331.jpg 600w, https:\/\/api-asso.fr\/wp-content\/uploads\/2022\/05\/lassay-pitie-sal.jpg 846w\" sizes=\"(max-width: 300px) 100vw, 300px\" \/><\/a><\/p>\r\n\r\n\r\n\r\n<ul>\r\n<li>\u00a0<\/li>\r\n<\/ul>\r\n\r\n\r\n\r\n<p>M\u00e9tro ligne 5 St-Marcel &#8211; Bus 57 &#8211; 91<\/p>\r\n\r\n\r\n\r\n\r\n\r\n<h5><span style=\"color: #ff0000;\">Permanences \u00e0 l&rsquo;IFIC<br \/><\/span>Nous vous proposons des <strong>permanences \u00e0 l\u2019IFIC.<\/strong><\/h5>\r\n<p>H\u00f4pital Rothschild<br \/>Pavillon \u00ab\u00a0La Deauvillaise\u00a0\u00bb<br \/>5, rue Santerre &#8211; 75012 Paris<\/p>\r\n<p><strong>Les jeudi\u00a0 de 14h \u00e0 17h\u00a0<\/strong><\/p>\r\n<ul>\r\n<li>15 janvier 2026<\/li>\r\n<li>05 f\u00e9vrier 2026<\/li>\r\n<li>05 mars 2026<\/li>\r\n<li>02 avril 2026<\/li>\r\n<li>07 mai 2026<\/li>\r\n<li>04 juin 2026<\/li>\r\n<\/ul>\r\n<p>Les permanences ont pour but de se rencontrer, d&rsquo;\u00e9changer et de se soutenir.<\/p>\r\n\r\n\r\n\r\n<p>IFIC &#8211; H\u00f4pital Rothschild<br \/>Pavillon La Deauvillaise<br \/>5 rue de Santerre<br \/>75012 Paris<\/p>\r\n<p><strong>Des permanences ont lieu<span style=\"color: #000000;\"> \u00e0 <\/span><span style=\"color: #0000ff;\"><span style=\"color: #000000;\">Lille :<\/span><br \/><\/span><\/strong><span style=\"color: #0000ff;\"><span style=\"color: #000000;\">Maison Des Usagers et\u00a0 des Associations<br \/>Centre Hospitalier Universitaire de Lille\u00a0<\/span><\/span><span style=\"color: #0000ff;\"><br \/><\/span><span style=\"color: #0000ff;\"><span style=\"color: #000000;\">5, boulevard du Professeur Jules Leclerc<br \/>59037 Lille Cedex<\/span><\/span><strong><span style=\"color: #0000ff;\"><span style=\"color: #000000;\"><br \/><\/span><br \/><\/span> <\/strong>Rencontre avec les candidats \u00e0 l&rsquo;implant de 14h\u00a0 \u00e0 17h :<\/p>\r\n<ul>\r\n<li>Vendredi 16 janvier 2026<\/li>\r\n<li>Vendredi 27 mars 2026<\/li>\r\n<\/ul>\r\n","protected":false},"excerpt":{"rendered":"<p>Permanence API : TOUS LES MERCREDI 10H &#8211; 13H H\u00f4pital Piti\u00e9-Salp\u00eatri\u00e8re Elle est situ\u00e9e provisoirement dans une structure modulaire qui se trouve entre l&rsquo;institut de cardiologie et l&rsquo;unit\u00e9 de stomatologie. Entr\u00e9e secteur Vincent Auriol52, Bd Vincent Auriol 75013 ParisM\u00e9tro ligne&#8230; <a class=\"more-link\" href=\"https:\/\/api-asso.fr\/index.php\/nous-rencontrer\/\">Continue Reading &rarr;<\/a><\/p>\n","protected":false},"author":1,"featured_media":0,"parent":0,"menu_order":0,"comment_status":"closed","ping_status":"closed","template":"","meta":[],"_links":{"self":[{"href":"https:\/\/api-asso.fr\/index.php\/wp-json\/wp\/v2\/pages\/132"}],"collection":[{"href":"https:\/\/api-asso.fr\/index.php\/wp-json\/wp\/v2\/pages"}],"about":[{"href":"https:\/\/api-asso.fr\/index.php\/wp-json\/wp\/v2\/types\/page"}],"author":[{"embeddable":true,"href":"https:\/\/api-asso.fr\/index.php\/wp-json\/wp\/v2\/users\/1"}],"replies":[{"embeddable":true,"href":"https:\/\/api-asso.fr\/index.php\/wp-json\/wp\/v2\/comments?post=132"}],"version-history":[{"count":65,"href":"https:\/\/api-asso.fr\/index.php\/wp-json\/wp\/v2\/pages\/132\/revisions"}],"predecessor-version":[{"id":2413,"href":"https:\/\/api-asso.fr\/index.php\/wp-json\/wp\/v2\/pages\/132\/revisions\/2413"}],"wp:attachment":[{"href":"https:\/\/api-asso.fr\/index.php\/wp-json\/wp\/v2\/media?parent=132"}],"curies":[{"name":"wp","href":"https:\/\/api.w.org\/{rel}","templated":true}]}}